{"id":1078,"date":"2015-11-15T23:58:08","date_gmt":"2015-11-16T02:58:08","guid":{"rendered":"https:\/\/dtmstudio.com.br\/DTM\/?page_id=1078"},"modified":"2016-04-19T10:44:20","modified_gmt":"2016-04-19T13:44:20","slug":"bim","status":"publish","type":"page","link":"https:\/\/dtmstudio.com.br\/DTM\/servicos\/bim\/","title":{"rendered":"BIM"},"content":{"rendered":"<p>[et_pb_section admin_label=&#8221;section&#8221; fullwidth=&#8221;on&#8221; specialty=&#8221;off&#8221; background_color=&#8221;#2ea3f2&#8243; inner_shadow=&#8221;on&#8221; parallax=&#8221;on&#8221; transparent_background=&#8221;off&#8221; allow_player_pause=&#8221;off&#8221; parallax_method=&#8221;off&#8221; padding_mobile=&#8221;off&#8221; make_fullwidth=&#8221;off&#8221; use_custom_width=&#8221;off&#8221; width_unit=&#8221;on&#8221; make_equal=&#8221;off&#8221; use_custom_gutter=&#8221;off&#8221; background_image=&#8221;https:\/\/dtmstudio.com.br\/DTM\/wp-content\/uploads\/2015\/08\/DTM-Cubos-3D_1680x1050.jpg&#8221;][et_pb_fullwidth_header admin_label=&#8221;Fullwidth Header&#8221; title=&#8221;BIM&#8221; background_layout=&#8221;dark&#8221; text_orientation=&#8221;left&#8221; header_fullscreen=&#8221;off&#8221; header_scroll_down=&#8221;off&#8221; parallax=&#8221;off&#8221; parallax_method=&#8221;off&#8221; content_orientation=&#8221;center&#8221; image_orientation=&#8221;center&#8221; custom_button_one=&#8221;off&#8221; button_one_letter_spacing=&#8221;0&#8243; button_one_use_icon=&#8221;default&#8221; button_one_icon_placement=&#8221;right&#8221; button_one_on_hover=&#8221;on&#8221; button_one_letter_spacing_hover=&#8221;0&#8243; custom_button_two=&#8221;off&#8221; button_two_letter_spacing=&#8221;0&#8243; button_two_use_icon=&#8221;default&#8221; button_two_icon_placement=&#8221;right&#8221; button_two_on_hover=&#8221;on&#8221; button_two_letter_spacing_hover=&#8221;0&#8243; background_color=&#8221;rgba(248,170,65,0.66)&#8221; title_font=&#8221;|||on|&#8221;] [\/et_pb_fullwidth_header][\/et_pb_section][et_pb_section admin_label=&#8221;Section&#8221; fullwidth=&#8221;off&#8221; specialty=&#8221;off&#8221;][et_pb_row admin_label=&#8221;Row&#8221;][et_pb_column type=&#8221;4_4&#8243;][et_pb_text admin_label=&#8221;Text&#8221; background_layout=&#8221;light&#8221; text_orientation=&#8221;left&#8221; use_border_color=&#8221;off&#8221; border_color=&#8221;#ffffff&#8221; border_style=&#8221;solid&#8221;]<\/p>\n<h3 class=\"et_pb_toggle_title\" style=\"text-align: left;\"><a href=\"https:\/\/dtmstudio.com.br\/DTM\/wp-content\/uploads\/2015\/08\/ic_layers_black_48dp_1x.png\"><img loading=\"lazy\" decoding=\"async\" class=\"size-full wp-image-667 alignleft\" src=\"https:\/\/dtmstudio.com.br\/DTM\/wp-content\/uploads\/2015\/08\/ic_layers_black_48dp_1x.png\" alt=\"ic_layers_black_48dp_1x\" width=\"48\" height=\"48\" \/><\/a><span style=\"color: #ffffff;\"><span style=\"color: #339966;\"><span style=\"color: #ff6600;\">Modelagem BIM<\/span><\/span><\/span><\/h3>\n<p>A DTM Studio oferece o servi\u00e7o de modelagem BIM em parceria com projetistas das diversas \u00e1reas da constru\u00e7\u00e3o civil. Desenvolvemos modelos BIM de Arquitetura, Ar Condicionado, Automa\u00e7\u00e3o, Caixilho, El\u00e9trica, Estrutura, Hidr\u00e1ulica, Inc\u00eandio e Impermeabiliza\u00e7\u00e3o.<\/p>\n<p>&nbsp;<\/p>\n<hr \/>\n<p>&nbsp;<\/p>\n<h3><span style=\"color: #ffffff;\"><a style=\"color: #ffffff;\" href=\"https:\/\/dtmstudio.com.br\/DTM\/wp-content\/uploads\/2015\/08\/DTM-Studio-Checagem_preto_48dp_1x.png\"><img loading=\"lazy\" decoding=\"async\" class=\"size-full wp-image-666 alignleft\" src=\"https:\/\/dtmstudio.com.br\/DTM\/wp-content\/uploads\/2015\/08\/DTM-Studio-Checagem_preto_48dp_1x.png\" alt=\"DTM Studio Checagem_preto_48dp_1x\" width=\"48\" height=\"48\" \/><\/a><\/span><span style=\"color: #ff6600;\">Checagem de Interfer\u00eancias<\/span><\/h3>\n<div id=\"scroll\" class=\"main pad-top3\">\n<p>\u00a0 A partir do modelo BIM de todas as disciplinas envolvidas no empreendimento, a DTM Studio cruza as informa\u00e7\u00f5es modeladas atrav\u00e9s de tecnologias avan\u00e7adas para executar a checagem das interfer\u00eancias. Os dados coletados nesta compatibiliza\u00e7\u00e3o 3D s\u00e3o apontados e compilados em forma de markups e relat\u00f3rios para a melhor visualiza\u00e7\u00e3o das incompatibilidades. Este trabalho envolve os arquitetos, engenheiros, construtores e todos os stakeholders do empreendimento para solucionar os problemas detectados. A facilidade em visualizar as incompatibilidades virtualmente reduz o tempo de entendimento do problema permitindo foco total na solu\u00e7\u00e3o a ser empregada. A compatibiliza\u00e7\u00e3o em 3D detecta problemas que n\u00e3o seriam percebidos em um processo tradicional de trabalho, minimizando assim o retrabalho e o custo da obra.<\/p>\n<p>&nbsp;<\/p>\n<hr \/>\n<p>&nbsp;<\/p>\n<\/div>\n<h3><span style=\"color: #ffffff;\"><a style=\"color: #ffffff;\" href=\"https:\/\/dtmstudio.com.br\/DTM\/wp-content\/uploads\/2015\/08\/DTM-Studio_Quantitativo_Preto_48dp_1x.png\"><img loading=\"lazy\" decoding=\"async\" class=\"size-full wp-image-668 alignleft\" src=\"https:\/\/dtmstudio.com.br\/DTM\/wp-content\/uploads\/2015\/08\/DTM-Studio_Quantitativo_Preto_48dp_1x.png\" alt=\"DTM Studio_Quantitativo_Preto_48dp_1x\" width=\"48\" height=\"48\" \/><\/a>\u00a0 <span style=\"color: #ff6600;\">Quantitativo<\/span><\/span><span style=\"color: #ff6600;\">\u00a0<\/span><\/h3>\n<p>A quantidade estimada dos elementos da constru\u00e7\u00e3o \u00e9 feita pela DTM Studio atrav\u00e9s de um modelo BIM, no qual todas as informa\u00e7\u00f5es do projeto s\u00e3o integradas. No desenvolvimento do modelo virtual do empreendimento, a estimativa de quantifica\u00e7\u00e3o dos materiais pode ser feita em tempo real, de forma vinculada \u00e0s etapas de projeto.<\/p>\n<p>&nbsp;<\/p>\n<hr \/>\n<p>&nbsp;<\/p>\n<h3><span style=\"color: #ffffff;\"><a style=\"color: #ffffff;\" href=\"https:\/\/dtmstudio.com.br\/DTM\/wp-content\/uploads\/2015\/08\/DTM-Studio-4D_preto_48dp_1x.png\"><img loading=\"lazy\" decoding=\"async\" class=\"size-full wp-image-679 alignleft\" src=\"https:\/\/dtmstudio.com.br\/DTM\/wp-content\/uploads\/2015\/08\/DTM-Studio-4D_preto_48dp_1x.png\" alt=\"DTM Studio 4D_preto_48dp_1x\" width=\"48\" height=\"48\" \/><\/a>\u00a0<span style=\"color: #ff6600;\">\u00a0\u00a0 Simula\u00e7\u00e3o 4D<\/span><\/span><\/h3>\n<p>A simula\u00e7\u00e3o 4D corresponde ao timeline da constru\u00e7\u00e3o. Atrav\u00e9s do planejamento de execu\u00e7\u00e3o da obra, da Carta Gantt, e do modelo BIM do empreendimento, a DTM Studio realiza a simula\u00e7\u00e3o da constru\u00e7\u00e3o considerando o tempo de execu\u00e7\u00e3o de cada elemento que est\u00e1 presente no projeto. Os dados do cronograma de execu\u00e7\u00e3o da obra s\u00e3o fornecidos pela construtora, e atrav\u00e9s deles \u00e9 poss\u00edvel alimentar o modelo com as informa\u00e7\u00f5es do planejamento. Posterior a este cruzamento de informa\u00e7\u00f5es entre cronograma e modelo BIM, a DTM Studio gera uma simula\u00e7\u00e3o din\u00e2mica que representa a sequ\u00eancia da constru\u00e7\u00e3o. Com isso, \u00e9 poss\u00edvel estudar a log\u00edstica, detectar falhas na ordem de execu\u00e7\u00e3o dos trabalhos e otimizar o planejamento da obra.<\/p>\n<p>[\/et_pb_text][\/et_pb_column][\/et_pb_row][\/et_pb_section][et_pb_section admin_label=&#8221;Section&#8221; fullwidth=&#8221;off&#8221; specialty=&#8221;off&#8221; background_image=&#8221;https:\/\/dtmstudio.com.br\/DTM\/wp-content\/uploads\/2015\/08\/DTM-Cubos-3D_1680x1050.jpg&#8221; transparent_background=&#8221;off&#8221; allow_player_pause=&#8221;off&#8221; inner_shadow=&#8221;off&#8221; parallax=&#8221;on&#8221; parallax_method=&#8221;off&#8221; padding_mobile=&#8221;off&#8221; make_fullwidth=&#8221;off&#8221; use_custom_width=&#8221;off&#8221; width_unit=&#8221;on&#8221; make_equal=&#8221;off&#8221; use_custom_gutter=&#8221;off&#8221; gutter_width=&#8221;3&#8243;][et_pb_row admin_label=&#8221;Row&#8221; make_fullwidth=&#8221;off&#8221; use_custom_width=&#8221;off&#8221; width_unit=&#8221;on&#8221; use_custom_gutter=&#8221;on&#8221; padding_mobile=&#8221;off&#8221; allow_player_pause=&#8221;off&#8221; parallax=&#8221;off&#8221; parallax_method=&#8221;off&#8221; make_equal=&#8221;on&#8221; column_padding_mobile=&#8221;on&#8221; gutter_width=&#8221;1&#8243; parallax_1=&#8221;off&#8221; parallax_method_1=&#8221;off&#8221; parallax_2=&#8221;off&#8221; parallax_method_2=&#8221;off&#8221; parallax_3=&#8221;off&#8221; parallax_method_3=&#8221;off&#8221; parallax_4=&#8221;off&#8221; parallax_method_4=&#8221;off&#8221;][et_pb_column type=&#8221;1_4&#8243;][et_pb_blurb admin_label=&#8221;Projeto&#8221; url_new_window=&#8221;off&#8221; use_icon=&#8221;off&#8221; font_icon=&#8221;%%284%%&#8221; icon_color=&#8221;#ffffff&#8221; use_circle=&#8221;on&#8221; circle_color=&#8221;#E94255&#8243; use_circle_border=&#8221;on&#8221; circle_border_color=&#8221;#ffffff&#8221; icon_placement=&#8221;top&#8221; animation=&#8221;left&#8221; background_layout=&#8221;dark&#8221; text_orientation=&#8221;center&#8221; use_icon_font_size=&#8221;off&#8221; use_border_color=&#8221;off&#8221; border_color=&#8221;#b7b7b7&#8243; border_style=&#8221;solid&#8221; icon_font_size=&#8221;20&#8243; image=&#8221;https:\/\/dtmstudio.com.br\/DTM\/wp-content\/uploads\/2015\/08\/DTM-Studio-Projeto_branco_48dp_2x.png&#8221; custom_padding=&#8221;40px||9px|&#8221; background_color=&#8221;rgba(136,224,87,0.61)&#8221; title=&#8221;Projeto&#8221; url=&#8221;https:\/\/dtmstudio.com.br\/DTM\/projeto\/&#8221; header_font_size=&#8221;18&#8243; body_font_size=&#8221;14&#8243;] [\/et_pb_blurb][\/et_pb_column][et_pb_column type=&#8221;1_4&#8243;][et_pb_blurb admin_label=&#8221;BIM&#8221; url_new_window=&#8221;off&#8221; use_icon=&#8221;off&#8221; font_icon=&#8221;%%284%%&#8221; icon_color=&#8221;#ffffff&#8221; use_circle=&#8221;on&#8221; circle_color=&#8221;#E94255&#8243; use_circle_border=&#8221;on&#8221; circle_border_color=&#8221;#ffffff&#8221; icon_placement=&#8221;top&#8221; animation=&#8221;left&#8221; background_layout=&#8221;dark&#8221; text_orientation=&#8221;center&#8221; use_icon_font_size=&#8221;off&#8221; use_border_color=&#8221;off&#8221; border_color=&#8221;#b7b7b7&#8243; border_style=&#8221;solid&#8221; url=&#8221;https:\/\/dtmstudio.com.br\/DTM\/BIM\/&#8221; icon_font_size=&#8221;20&#8243; image=&#8221;https:\/\/dtmstudio.com.br\/DTM\/wp-content\/uploads\/2015\/08\/DTM-Studio-BIM_branco_48dp_2x.png&#8221; custom_padding=&#8221;40px||9px|&#8221; background_color=&#8221;rgba(248,170,65,0.66)&#8221; title=&#8221;BIM&#8221; header_font_size=&#8221;18&#8243; body_font_size=&#8221;14&#8243;] [\/et_pb_blurb][\/et_pb_column][et_pb_column type=&#8221;1_4&#8243;][et_pb_blurb admin_label=&#8221;Gerenciamento&#8221; url_new_window=&#8221;off&#8221; use_icon=&#8221;off&#8221; font_icon=&#8221;%%284%%&#8221; icon_color=&#8221;#ffffff&#8221; use_circle=&#8221;on&#8221; circle_color=&#8221;#E94255&#8243; use_circle_border=&#8221;on&#8221; circle_border_color=&#8221;#ffffff&#8221; icon_placement=&#8221;top&#8221; animation=&#8221;left&#8221; background_layout=&#8221;dark&#8221; text_orientation=&#8221;center&#8221; use_icon_font_size=&#8221;off&#8221; use_border_color=&#8221;off&#8221; border_color=&#8221;#b7b7b7&#8243; border_style=&#8221;solid&#8221; url=&#8221;https:\/\/dtmstudio.com.br\/DTM\/gerenciamento\/&#8221; icon_font_size=&#8221;20&#8243; image=&#8221;https:\/\/dtmstudio.com.br\/DTM\/wp-content\/uploads\/2015\/08\/DTM-Studio-Gerenciamento_branco_48dp_2x.png&#8221; custom_padding=&#8221;40px||9px|&#8221; background_color=&#8221;rgba(233,66,85,0.61)&#8221; title=&#8221;Gerenciamento&#8221; header_font_size=&#8221;18&#8243; body_font_size=&#8221;14&#8243;] [\/et_pb_blurb][\/et_pb_column][et_pb_column type=&#8221;1_4&#8243;][et_pb_blurb admin_label=&#8221;Tecnologia&#8221; url_new_window=&#8221;off&#8221; use_icon=&#8221;off&#8221; font_icon=&#8221;%%284%%&#8221; icon_color=&#8221;#ffffff&#8221; use_circle=&#8221;on&#8221; circle_color=&#8221;#E94255&#8243; use_circle_border=&#8221;on&#8221; circle_border_color=&#8221;#ffffff&#8221; icon_placement=&#8221;top&#8221; animation=&#8221;left&#8221; background_layout=&#8221;dark&#8221; text_orientation=&#8221;center&#8221; use_icon_font_size=&#8221;off&#8221; use_border_color=&#8221;off&#8221; border_color=&#8221;#b7b7b7&#8243; border_style=&#8221;solid&#8221; url=&#8221;https:\/\/dtmstudio.com.br\/DTM\/tecnologia\/&#8221; icon_font_size=&#8221;20&#8243; image=&#8221;https:\/\/dtmstudio.com.br\/DTM\/wp-content\/uploads\/2015\/08\/DTM-Studio-Checagem_branco_48dp_2x.png&#8221; custom_padding=&#8221;40px||9px|&#8221; title=&#8221;Tecnologia&#8221; background_color=&#8221;rgba(19,211,219,0.61)&#8221; header_font_size=&#8221;18&#8243; body_font_size=&#8221;14&#8243;] [\/et_pb_blurb][\/et_pb_column][\/et_pb_row][\/et_pb_section][et_pb_section admin_label=&#8221;section&#8221; fullwidth=&#8221;off&#8221; specialty=&#8221;off&#8221; background_color=&#8221;#f7f7f7&#8243; inner_shadow=&#8221;on&#8221; parallax=&#8221;on&#8221; transparent_background=&#8221;off&#8221; allow_player_pause=&#8221;off&#8221; parallax_method=&#8221;off&#8221; padding_mobile=&#8221;off&#8221; make_fullwidth=&#8221;off&#8221; use_custom_width=&#8221;off&#8221; width_unit=&#8221;on&#8221; make_equal=&#8221;off&#8221; use_custom_gutter=&#8221;off&#8221; background_image=&#8221;https:\/\/dtmstudio.com.br\/DTM\/wp-content\/uploads\/2015\/08\/DTM-Cubos-3D_1680x1050.jpg&#8221; gutter_width=&#8221;3&#8243;][et_pb_row admin_label=&#8221;row&#8221; make_fullwidth=&#8221;on&#8221; use_custom_width=&#8221;off&#8221; width_unit=&#8221;on&#8221; use_custom_gutter=&#8221;off&#8221; padding_mobile=&#8221;off&#8221; allow_player_pause=&#8221;off&#8221; parallax=&#8221;off&#8221; parallax_method=&#8221;off&#8221; make_equal=&#8221;off&#8221; background_color_1=&#8221;rgba(0,0,0,0)&#8221; column_padding_mobile=&#8221;on&#8221;][et_pb_column type=&#8221;4_4&#8243;][et_pb_cta admin_label=&#8221;Call To Action&#8221; title=&#8221;GANHE CONHECIMENTO, VISITE NOSSO BLOG&#8221; button_url=&#8221;https:\/\/dtmstudio.com.br\/DTM\/blog\/&#8221; button_text=&#8221;Clique Aqui&#8221; use_background_color=&#8221;off&#8221; background_color=&#8221;#108bf5&#8243; background_layout=&#8221;dark&#8221; text_orientation=&#8221;center&#8221; url_new_window=&#8221;off&#8221; use_border_color=&#8221;off&#8221; border_color=&#8221;#ffffff&#8221; border_style=&#8221;solid&#8221; custom_button=&#8221;off&#8221; button_letter_spacing=&#8221;0&#8243; button_use_icon=&#8221;default&#8221; button_icon_placement=&#8221;right&#8221; button_on_hover=&#8221;on&#8221; button_letter_spacing_hover=&#8221;0&#8243; header_font_size=&#8221;26&#8243; body_font_size=&#8221;14&#8243; button_text_size=&#8221;20&#8243; button_border_width=&#8221;2&#8243; button_border_radius=&#8221;3&#8243; button_border_radius_hover=&#8221;3&#8243;] [\/et_pb_cta][\/et_pb_column][\/et_pb_row][\/et_pb_section]<\/p>\n<span class=\"et_bloom_bottom_trigger\"><\/span>","protected":false},"excerpt":{"rendered":"<p>Modelagem BIM A DTM Studio oferece o servi\u00e7o de modelagem BIM em parceria com projetistas das diversas \u00e1reas da constru\u00e7\u00e3o civil. Desenvolvemos modelos BIM de Arquitetura, Ar Condicionado, Automa\u00e7\u00e3o, Caixilho, El\u00e9trica, Estrutura, Hidr\u00e1ulica, Inc\u00eandio e Impermeabiliza\u00e7\u00e3o. &nbsp; &nbsp; Checagem de Interfer\u00eancias \u00a0 A partir do modelo BIM de todas as disciplinas envolvidas no empreendimento, a [&hellip;]<\/p>\n","protected":false},"author":1,"featured_media":0,"parent":87,"menu_order":0,"comment_status":"closed","ping_status":"closed","template":"","meta":{"_et_pb_use_builder":"on","_et_pb_old_content":"","_et_gb_content_width":"","footnotes":""},"class_list":["post-1078","page","type-page","status-publish","hentry"],"yoast_head":"<!-- This site is optimized with the Yoast SEO plugin v25.2 - https:\/\/yoast.com\/wordpress\/plugins\/seo\/ -->\n<title>BIM - DTM Studio<\/title>\n<meta name=\"robots\" content=\"index, follow, max-snippet:-1, max-image-preview:large, max-video-preview:-1\" \/>\n<link rel=\"canonical\" href=\"https:\/\/dtmstudio.com.br\/servicos\/bim\/\" \/>\n<meta property=\"og:locale\" content=\"pt_PT\" \/>\n<meta property=\"og:type\" content=\"article\" \/>\n<meta property=\"og:title\" content=\"BIM - DTM Studio\" \/>\n<meta property=\"og:description\" content=\"Modelagem BIM A DTM Studio oferece o servi\u00e7o de modelagem BIM em parceria com projetistas das diversas \u00e1reas da constru\u00e7\u00e3o civil. Desenvolvemos modelos BIM de Arquitetura, Ar Condicionado, Automa\u00e7\u00e3o, Caixilho, El\u00e9trica, Estrutura, Hidr\u00e1ulica, Inc\u00eandio e Impermeabiliza\u00e7\u00e3o. &nbsp; &nbsp; Checagem de Interfer\u00eancias \u00a0 A partir do modelo BIM de todas as disciplinas envolvidas no empreendimento, a [&hellip;]\" \/>\n<meta property=\"og:url\" content=\"https:\/\/dtmstudio.com.br\/servicos\/bim\/\" \/>\n<meta property=\"og:site_name\" content=\"DTM Studio\" \/>\n<meta property=\"article:modified_time\" content=\"2016-04-19T13:44:20+00:00\" \/>\n<meta property=\"og:image\" content=\"https:\/\/dtmstudio.com.br\/wp-content\/uploads\/2015\/08\/ic_layers_black_48dp_1x.png\" \/>\n<meta name=\"twitter:card\" content=\"summary_large_image\" \/>\n<meta name=\"twitter:label1\" content=\"Tempo estimado de leitura\" \/>\n\t<meta name=\"twitter:data1\" content=\"7 minutos\" \/>\n<script type=\"application\/ld+json\" class=\"yoast-schema-graph\">{\"@context\":\"https:\/\/schema.org\",\"@graph\":[{\"@type\":\"WebPage\",\"@id\":\"https:\/\/dtmstudio.com.br\/servicos\/bim\/\",\"url\":\"https:\/\/dtmstudio.com.br\/servicos\/bim\/\",\"name\":\"BIM - DTM Studio\",\"isPartOf\":{\"@id\":\"https:\/\/dtmstudio.com.br\/#website\"},\"primaryImageOfPage\":{\"@id\":\"https:\/\/dtmstudio.com.br\/servicos\/bim\/#primaryimage\"},\"image\":{\"@id\":\"https:\/\/dtmstudio.com.br\/servicos\/bim\/#primaryimage\"},\"thumbnailUrl\":\"https:\/\/dtmstudio.com.br\/DTM\/wp-content\/uploads\/2015\/08\/ic_layers_black_48dp_1x.png\",\"datePublished\":\"2015-11-16T02:58:08+00:00\",\"dateModified\":\"2016-04-19T13:44:20+00:00\",\"breadcrumb\":{\"@id\":\"https:\/\/dtmstudio.com.br\/servicos\/bim\/#breadcrumb\"},\"inLanguage\":\"pt-PT\",\"potentialAction\":[{\"@type\":\"ReadAction\",\"target\":[\"https:\/\/dtmstudio.com.br\/servicos\/bim\/\"]}]},{\"@type\":\"ImageObject\",\"inLanguage\":\"pt-PT\",\"@id\":\"https:\/\/dtmstudio.com.br\/servicos\/bim\/#primaryimage\",\"url\":\"https:\/\/dtmstudio.com.br\/DTM\/wp-content\/uploads\/2015\/08\/ic_layers_black_48dp_1x.png\",\"contentUrl\":\"https:\/\/dtmstudio.com.br\/DTM\/wp-content\/uploads\/2015\/08\/ic_layers_black_48dp_1x.png\",\"width\":48,\"height\":48},{\"@type\":\"BreadcrumbList\",\"@id\":\"https:\/\/dtmstudio.com.br\/servicos\/bim\/#breadcrumb\",\"itemListElement\":[{\"@type\":\"ListItem\",\"position\":1,\"name\":\"Home\",\"item\":\"https:\/\/dtmstudio.com.br\/DTM\/\"},{\"@type\":\"ListItem\",\"position\":2,\"name\":\"Servi\u00e7os\",\"item\":\"https:\/\/dtmstudio.com.br\/servicos\/\"},{\"@type\":\"ListItem\",\"position\":3,\"name\":\"BIM\"}]},{\"@type\":\"WebSite\",\"@id\":\"https:\/\/dtmstudio.com.br\/#website\",\"url\":\"https:\/\/dtmstudio.com.br\/\",\"name\":\"DTM Studio\",\"description\":\"DTM Studio Arquitetura\",\"potentialAction\":[{\"@type\":\"SearchAction\",\"target\":{\"@type\":\"EntryPoint\",\"urlTemplate\":\"https:\/\/dtmstudio.com.br\/?s={search_term_string}\"},\"query-input\":{\"@type\":\"PropertyValueSpecification\",\"valueRequired\":true,\"valueName\":\"search_term_string\"}}],\"inLanguage\":\"pt-PT\"}]}<\/script>\n<!-- \/ Yoast SEO plugin. -->","yoast_head_json":{"title":"BIM - DTM Studio","robots":{"index":"index","follow":"follow","max-snippet":"max-snippet:-1","max-image-preview":"max-image-preview:large","max-video-preview":"max-video-preview:-1"},"canonical":"https:\/\/dtmstudio.com.br\/servicos\/bim\/","og_locale":"pt_PT","og_type":"article","og_title":"BIM - DTM Studio","og_description":"Modelagem BIM A DTM Studio oferece o servi\u00e7o de modelagem BIM em parceria com projetistas das diversas \u00e1reas da constru\u00e7\u00e3o civil. Desenvolvemos modelos BIM de Arquitetura, Ar Condicionado, Automa\u00e7\u00e3o, Caixilho, El\u00e9trica, Estrutura, Hidr\u00e1ulica, Inc\u00eandio e Impermeabiliza\u00e7\u00e3o. &nbsp; &nbsp; Checagem de Interfer\u00eancias \u00a0 A partir do modelo BIM de todas as disciplinas envolvidas no empreendimento, a [&hellip;]","og_url":"https:\/\/dtmstudio.com.br\/servicos\/bim\/","og_site_name":"DTM Studio","article_modified_time":"2016-04-19T13:44:20+00:00","og_image":[{"url":"https:\/\/dtmstudio.com.br\/wp-content\/uploads\/2015\/08\/ic_layers_black_48dp_1x.png","type":"","width":"","height":""}],"twitter_card":"summary_large_image","twitter_misc":{"Tempo estimado de leitura":"7 minutos"},"schema":{"@context":"https:\/\/schema.org","@graph":[{"@type":"WebPage","@id":"https:\/\/dtmstudio.com.br\/servicos\/bim\/","url":"https:\/\/dtmstudio.com.br\/servicos\/bim\/","name":"BIM - DTM Studio","isPartOf":{"@id":"https:\/\/dtmstudio.com.br\/#website"},"primaryImageOfPage":{"@id":"https:\/\/dtmstudio.com.br\/servicos\/bim\/#primaryimage"},"image":{"@id":"https:\/\/dtmstudio.com.br\/servicos\/bim\/#primaryimage"},"thumbnailUrl":"https:\/\/dtmstudio.com.br\/DTM\/wp-content\/uploads\/2015\/08\/ic_layers_black_48dp_1x.png","datePublished":"2015-11-16T02:58:08+00:00","dateModified":"2016-04-19T13:44:20+00:00","breadcrumb":{"@id":"https:\/\/dtmstudio.com.br\/servicos\/bim\/#breadcrumb"},"inLanguage":"pt-PT","potentialAction":[{"@type":"ReadAction","target":["https:\/\/dtmstudio.com.br\/servicos\/bim\/"]}]},{"@type":"ImageObject","inLanguage":"pt-PT","@id":"https:\/\/dtmstudio.com.br\/servicos\/bim\/#primaryimage","url":"https:\/\/dtmstudio.com.br\/DTM\/wp-content\/uploads\/2015\/08\/ic_layers_black_48dp_1x.png","contentUrl":"https:\/\/dtmstudio.com.br\/DTM\/wp-content\/uploads\/2015\/08\/ic_layers_black_48dp_1x.png","width":48,"height":48},{"@type":"BreadcrumbList","@id":"https:\/\/dtmstudio.com.br\/servicos\/bim\/#breadcrumb","itemListElement":[{"@type":"ListItem","position":1,"name":"Home","item":"https:\/\/dtmstudio.com.br\/DTM\/"},{"@type":"ListItem","position":2,"name":"Servi\u00e7os","item":"https:\/\/dtmstudio.com.br\/servicos\/"},{"@type":"ListItem","position":3,"name":"BIM"}]},{"@type":"WebSite","@id":"https:\/\/dtmstudio.com.br\/#website","url":"https:\/\/dtmstudio.com.br\/","name":"DTM Studio","description":"DTM Studio Arquitetura","potentialAction":[{"@type":"SearchAction","target":{"@type":"EntryPoint","urlTemplate":"https:\/\/dtmstudio.com.br\/?s={search_term_string}"},"query-input":{"@type":"PropertyValueSpecification","valueRequired":true,"valueName":"search_term_string"}}],"inLanguage":"pt-PT"}]}},"_links":{"self":[{"href":"https:\/\/dtmstudio.com.br\/DTM\/wp-json\/wp\/v2\/pages\/1078","targetHints":{"allow":["GET"]}}],"collection":[{"href":"https:\/\/dtmstudio.com.br\/DTM\/wp-json\/wp\/v2\/pages"}],"about":[{"href":"https:\/\/dtmstudio.com.br\/DTM\/wp-json\/wp\/v2\/types\/page"}],"author":[{"embeddable":true,"href":"https:\/\/dtmstudio.com.br\/DTM\/wp-json\/wp\/v2\/users\/1"}],"replies":[{"embeddable":true,"href":"https:\/\/dtmstudio.com.br\/DTM\/wp-json\/wp\/v2\/comments?post=1078"}],"version-history":[{"count":20,"href":"https:\/\/dtmstudio.com.br\/DTM\/wp-json\/wp\/v2\/pages\/1078\/revisions"}],"predecessor-version":[{"id":2216,"href":"https:\/\/dtmstudio.com.br\/DTM\/wp-json\/wp\/v2\/pages\/1078\/revisions\/2216"}],"up":[{"embeddable":true,"href":"https:\/\/dtmstudio.com.br\/DTM\/wp-json\/wp\/v2\/pages\/87"}],"wp:attachment":[{"href":"https:\/\/dtmstudio.com.br\/DTM\/wp-json\/wp\/v2\/media?parent=1078"}],"curies":[{"name":"wp","href":"https:\/\/api.w.org\/{rel}","templated":true}]}}