{"id":7137,"date":"2020-07-08T16:56:09","date_gmt":"2020-07-08T19:56:09","guid":{"rendered":"https:\/\/dtmstudio.com.br\/DTM\/?page_id=7137"},"modified":"2020-07-09T11:07:57","modified_gmt":"2020-07-09T14:07:57","slug":"termos-de-assinatura-anual-pagamento-mensal","status":"publish","type":"page","link":"https:\/\/dtmstudio.com.br\/DTM\/termos-de-assinatura-anual-pagamento-mensal\/","title":{"rendered":"Termos de Assinatura Anual &#8211; pagamento mensal"},"content":{"rendered":"\n[et_pb_section fb_built=&#8221;1&#8243; fullwidth=&#8221;on&#8221; custom_padding_last_edited=&#8221;on|desktop&#8221; admin_label=&#8221;section&#8221; _builder_version=&#8221;4.4.1&#8243; custom_padding_tablet=&#8221;50px|0|50px|0&#8243; custom_padding_phone=&#8221;&#8221; hover_enabled=&#8221;0&#8243; transparent_background=&#8221;off&#8221; padding_mobile=&#8221;off&#8221; make_fullwidth=&#8221;off&#8221; use_custom_width=&#8221;off&#8221; width_unit=&#8221;on&#8221;][et_pb_fullwidth_header title=&#8221;Termos de Assinatura Anual &#8211; pagamento mensal&#8221; content_max_width=&#8221;none&#8221; admin_label=&#8221;Fullwidth Header&#8221; _builder_version=&#8221;4.4.1&#8243; background_color=&#8221;rgba(46,163,242,0.61)&#8221; button_one_letter_spacing_hover=&#8221;0&#8243; button_two_letter_spacing_hover=&#8221;0&#8243; button_one_text_size__hover_enabled=&#8221;off&#8221; button_two_text_size__hover_enabled=&#8221;off&#8221; button_one_text_color__hover_enabled=&#8221;off&#8221; button_two_text_color__hover_enabled=&#8221;off&#8221; button_one_border_width__hover_enabled=&#8221;off&#8221; button_two_border_width__hover_enabled=&#8221;off&#8221; button_one_border_color__hover_enabled=&#8221;off&#8221; button_two_border_color__hover_enabled=&#8221;off&#8221; button_one_border_radius__hover_enabled=&#8221;off&#8221; button_two_border_radius__hover_enabled=&#8221;off&#8221; button_one_letter_spacing__hover_enabled=&#8221;on&#8221; button_one_letter_spacing__hover=&#8221;0&#8243; button_two_letter_spacing__hover_enabled=&#8221;on&#8221; button_two_letter_spacing__hover=&#8221;0&#8243; button_one_bg_color__hover_enabled=&#8221;off&#8221; button_two_bg_color__hover_enabled=&#8221;off&#8221;][\/et_pb_fullwidth_header][\/et_pb_section][et_pb_section fb_built=&#8221;1&#8243; admin_label=&#8221;Section&#8221; _builder_version=&#8221;3.22&#8243;][et_pb_row admin_label=&#8221;Row&#8221; _builder_version=&#8221;3.25&#8243; background_size=&#8221;initial&#8221; background_position=&#8221;top_left&#8221; background_repeat=&#8221;repeat&#8221;][et_pb_column type=&#8221;4_4&#8243; _builder_version=&#8221;3.25&#8243; custom_padding=&#8221;|||&#8221; custom_padding__hover=&#8221;|||&#8221;][et_pb_text admin_label=&#8221;Text&#8221; _builder_version=&#8221;4.4.1&#8243; background_size=&#8221;initial&#8221; background_position=&#8221;top_left&#8221; background_repeat=&#8221;repeat&#8221; use_border_color=&#8221;off&#8221; border_color=&#8221;#ffffff&#8221; border_style=&#8221;solid&#8221;]<h4 style=\"text-align: justify;\"><strong>Contrato anual, pagamento mensal\u00a0<\/strong><\/h4>\n<p><strong><\/strong><\/p>\n<p><strong>Partes do Contrato<\/strong><\/p>\n<p>1.1. DTM LABS TREINAMENTOS LTDA, inscrita no CNPJ sob o n. 25.215.926\/0001-25, com sede em S\u00e3o Paulo\/SP, adiante denominada \u201cDTM\u201d.<\/p>\n<p>1.2. Pessoa f\u00edsica que por meio do site da DTM aderiu ao plano de assinatura anual M\u00e9todo DTM de Desenvolvimento de Projeto de Arquitetura no Revit, adiante denominado \u201cASSINANTE\u201d.<\/p>\n<p><strong>Objeto<\/strong><\/p>\n<p>2.1. O presente instrumento tem por objeto a comercializa\u00e7\u00e3o do produto assinatura do M\u00e9todo DTM de Desenvolvimento de Projeto de Arquitetura no Revit, com cobro <strong>mensal do contrato anual<\/strong> ao CLIENTE;<\/p>\n<p>2.2. A assinatura prev\u00ea a entrega de login e senha para o portal de cursos da DTM e acesso aos m\u00f3dulos Revit Estudo de Viabilidade, Revit Estudo Preliminar, Revit Anteprojeto e Revit Projeto Executivo\/ DT) ao ASSINANTE;<\/p>\n<p>2.3. Para a ades\u00e3o o ASSINANTE dever\u00e1 ler atentamente todo conte\u00fado do contrato, e assim que efetuar a sua assinatura estar\u00e1 acordando com os termos e condi\u00e7\u00f5es de uso;<\/p>\n<p><strong>Vig\u00eancia<\/strong><\/p>\n<p>3.1. O Contrato vigorar\u00e1 por 12 (doze) meses com renova\u00e7\u00e3o autom\u00e1tica;<\/p>\n<p><strong>Entregas<\/strong><\/p>\n<p>4.1. Ser\u00e1 liberado os M\u00f3dulos de forma incremental a cada 30 dias;<\/p>\n<div>\n<p>Revit Estudo de Viabilidade &#8211; In\u00edcio Imediato<\/p>\n<div>\n<p>Revit Estudo Preliminar &#8211; In\u00edcio em 30 dias<\/p>\n<div class=\"et_pb_module et_pb_text et_pb_text_15  et_pb_text_align_left et_pb_bg_layout_light\">\n<div class=\"et_pb_text_inner\">\n<p>Revit Anteprojeto (em desenvolvimento) &#8211; In\u00edcio em 60 dias<\/p>\n<div>\n<div>\n<p>Curso Revit Projeto Executivo\/ DT\u00a0(em desenvolvimento) &#8211; In\u00edcio em 90 dias<\/p>\n<\/div>\n<\/div>\n<\/div>\n<\/div>\n<\/div>\n<\/div>\n<p>Os m\u00f3dulos em desenvolvimento as novas aulas ser\u00e3o entregues todas as sextas-feiras as 20h.<\/p>\n<p><strong>Cancelamento<\/strong><\/p>\n<p>5.1. O ASSINANTE poder\u00e1 pedir o cancelamento da assinatura a qualquer momento, formalizando mediante envio de e-mail para financeiro@dtmlabs.com.br;<\/p>\n<p>5.2. Caso o cancelamento seja feito dentro de 7 dias ap\u00f3s a assinatura, o valor ser\u00e1 totalmente restitu\u00eddo. Caso o cancelamento seja feito ap\u00f3s 7 dias, haver\u00e1 cobran\u00e7a de uma \u00fanica parcela de 50% de suas obriga\u00e7\u00f5es contratuais restantes e o servi\u00e7o continuar\u00e1 at\u00e9 o fim do per\u00edodo de cobran\u00e7a do m\u00eas.<\/p>\n<p><strong>Pre\u00e7o<\/strong><\/p>\n<p>6.1. O pre\u00e7os da Assinatura poder\u00e3o sofrer reajustes durante a vig\u00eancia de cada renova\u00e7\u00e3o anual, sendo o ASSINANTE informado previamente, com anteced\u00eancia de 30 dias e com a op\u00e7\u00e3o de cancelar.<\/p>\n<p><strong>Disposi\u00e7\u00f5es Gerais<\/strong><\/p>\n<p>7.1. Caso o m\u00e9todo de pagamento principal falhe, o ASSINANTE autoriza a usar qualquer outro m\u00e9todo de pagamento para realizar a cobran\u00e7a na sua conta. N\u00e3o informando um m\u00e9todo de pagamento alternativo e n\u00e3o realizando o pagamento ou se todos os m\u00e9todos de pagamento cadastrados falharem, ser\u00e1 cancelada a assinatura.<\/p>\n<p>7.2. O ASSINANTE se compromete a manter os seus dados cadastrais sempre atualizados, podendo ter a sua assinatura cancelada em caso de diverg\u00eancia de informa\u00e7\u00e3o;<\/p>\n<p>7.3. O ASSINANTE declara estar ciente de que suas informa\u00e7\u00f5es de cadastro ir\u00e3o constar do banco de dados da DTM;<\/p>\n<p>7.4. O ASSINANTE autoriza a DTM a contat\u00e1-lo atrav\u00e9s de todas as formas poss\u00edveis;<\/p>\n<p>7.5. Assinatura \u00e9 pessoal e intransfer\u00edvel;<\/p>\n<p>7.6. Se qualquer previs\u00e3o do presente contrato for considerada inv\u00e1lida, inexequ\u00edvel ou nula, as demais disposi\u00e7\u00f5es permanecer\u00e3o v\u00e1lidas.<\/p>\n<p><strong>D\u00favidas<\/strong><\/p>\n<p>8.1. O CLIENTE poder\u00e1 entrar em contato com a DTM atrav\u00e9s do e-mail contato@dtmlabs.com.br<\/p>\n<p><strong>Do Foro<\/strong><\/p>\n<p>9.1. As partes elegem de comum acordo o Foro da Comarca de S\u00e3o Paulo para dirimir toda e qualquer diverg\u00eancia decorrente do presente contrato.<\/p>\n<p style=\"box-sizing: border-box; border: 0px none; font-style: normal; font-size: 1rem; font-weight: 300; line-height: 1.5; letter-spacing: normal; text-transform: none; margin-top: 0px; margin-bottom: 0px; color: #505050; font-family: adobe-clean, 'Source Sans Pro', -apple-system, BlinkMacSystemFont, 'Segoe UI', Roboto, sans-serif; font-variant-ligatures: normal; font-variant-caps: normal; orphans: 2; text-align: start; text-indent: 0px; white-space: normal; widows: 2; word-spacing: 0px; -webkit-text-stroke-width: 0px; background-color: #ffffff; text-decoration-style: initial; text-decoration-color: initial;\"><i style=\"box-sizing: border-box; border: 0px none;\"><\/i><\/p>\n<p>&nbsp;<\/p>[\/et_pb_text][\/et_pb_column][\/et_pb_row][\/et_pb_section]\n<span class=\"et_bloom_bottom_trigger\"><\/span>","protected":false},"excerpt":{"rendered":"<p>Contrato anual, pagamento mensal\u00a0 Partes do Contrato 1.1. DTM LABS TREINAMENTOS LTDA, inscrita no CNPJ sob o n. 25.215.926\/0001-25, com sede em S\u00e3o Paulo\/SP, adiante denominada \u201cDTM\u201d. 1.2. Pessoa f\u00edsica que por meio do site da DTM aderiu ao plano de assinatura anual M\u00e9todo DTM de Desenvolvimento de Projeto de Arquitetura no Revit, adiante denominado [&hellip;]<\/p>\n","protected":false},"author":1,"featured_media":0,"parent":0,"menu_order":0,"comment_status":"closed","ping_status":"closed","template":"page-template-blank.php","meta":{"_et_pb_use_builder":"on","_et_pb_old_content":"","_et_gb_content_width":"","footnotes":""},"class_list":["post-7137","page","type-page","status-publish","hentry"],"yoast_head":"<!-- This site is optimized with the Yoast SEO plugin v25.2 - https:\/\/yoast.com\/wordpress\/plugins\/seo\/ -->\n<title>Termos de Assinatura Anual - pagamento mensal - DTM Studio<\/title>\n<meta name=\"robots\" content=\"index, follow, max-snippet:-1, max-image-preview:large, max-video-preview:-1\" \/>\n<link rel=\"canonical\" href=\"https:\/\/dtmstudio.com.br\/termos-de-assinatura-anual-pagamento-mensal\/\" \/>\n<meta property=\"og:locale\" content=\"pt_PT\" \/>\n<meta property=\"og:type\" content=\"article\" \/>\n<meta property=\"og:title\" content=\"Termos de Assinatura Anual - pagamento mensal - DTM Studio\" \/>\n<meta property=\"og:description\" content=\"Contrato anual, pagamento mensal\u00a0 Partes do Contrato 1.1. DTM LABS TREINAMENTOS LTDA, inscrita no CNPJ sob o n. 25.215.926\/0001-25, com sede em S\u00e3o Paulo\/SP, adiante denominada \u201cDTM\u201d. 1.2. Pessoa f\u00edsica que por meio do site da DTM aderiu ao plano de assinatura anual M\u00e9todo DTM de Desenvolvimento de Projeto de Arquitetura no Revit, adiante denominado [&hellip;]\" \/>\n<meta property=\"og:url\" content=\"https:\/\/dtmstudio.com.br\/termos-de-assinatura-anual-pagamento-mensal\/\" \/>\n<meta property=\"og:site_name\" content=\"DTM Studio\" \/>\n<meta property=\"article:modified_time\" content=\"2020-07-09T14:07:57+00:00\" \/>\n<meta name=\"twitter:card\" content=\"summary_large_image\" \/>\n<meta name=\"twitter:label1\" content=\"Tempo estimado de leitura\" \/>\n\t<meta name=\"twitter:data1\" content=\"4 minutos\" \/>\n<script type=\"application\/ld+json\" class=\"yoast-schema-graph\">{\"@context\":\"https:\/\/schema.org\",\"@graph\":[{\"@type\":\"WebPage\",\"@id\":\"https:\/\/dtmstudio.com.br\/termos-de-assinatura-anual-pagamento-mensal\/\",\"url\":\"https:\/\/dtmstudio.com.br\/termos-de-assinatura-anual-pagamento-mensal\/\",\"name\":\"Termos de Assinatura Anual - pagamento mensal - DTM Studio\",\"isPartOf\":{\"@id\":\"https:\/\/dtmstudio.com.br\/#website\"},\"datePublished\":\"2020-07-08T19:56:09+00:00\",\"dateModified\":\"2020-07-09T14:07:57+00:00\",\"breadcrumb\":{\"@id\":\"https:\/\/dtmstudio.com.br\/termos-de-assinatura-anual-pagamento-mensal\/#breadcrumb\"},\"inLanguage\":\"pt-PT\",\"potentialAction\":[{\"@type\":\"ReadAction\",\"target\":[\"https:\/\/dtmstudio.com.br\/termos-de-assinatura-anual-pagamento-mensal\/\"]}]},{\"@type\":\"BreadcrumbList\",\"@id\":\"https:\/\/dtmstudio.com.br\/termos-de-assinatura-anual-pagamento-mensal\/#breadcrumb\",\"itemListElement\":[{\"@type\":\"ListItem\",\"position\":1,\"name\":\"Home\",\"item\":\"https:\/\/dtmstudio.com.br\/DTM\/\"},{\"@type\":\"ListItem\",\"position\":2,\"name\":\"Termos de Assinatura Anual &#8211; pagamento mensal\"}]},{\"@type\":\"WebSite\",\"@id\":\"https:\/\/dtmstudio.com.br\/#website\",\"url\":\"https:\/\/dtmstudio.com.br\/\",\"name\":\"DTM Studio\",\"description\":\"DTM Studio Arquitetura\",\"potentialAction\":[{\"@type\":\"SearchAction\",\"target\":{\"@type\":\"EntryPoint\",\"urlTemplate\":\"https:\/\/dtmstudio.com.br\/?s={search_term_string}\"},\"query-input\":{\"@type\":\"PropertyValueSpecification\",\"valueRequired\":true,\"valueName\":\"search_term_string\"}}],\"inLanguage\":\"pt-PT\"}]}<\/script>\n<!-- \/ Yoast SEO plugin. -->","yoast_head_json":{"title":"Termos de Assinatura Anual - pagamento mensal - DTM Studio","robots":{"index":"index","follow":"follow","max-snippet":"max-snippet:-1","max-image-preview":"max-image-preview:large","max-video-preview":"max-video-preview:-1"},"canonical":"https:\/\/dtmstudio.com.br\/termos-de-assinatura-anual-pagamento-mensal\/","og_locale":"pt_PT","og_type":"article","og_title":"Termos de Assinatura Anual - pagamento mensal - DTM Studio","og_description":"Contrato anual, pagamento mensal\u00a0 Partes do Contrato 1.1. DTM LABS TREINAMENTOS LTDA, inscrita no CNPJ sob o n. 25.215.926\/0001-25, com sede em S\u00e3o Paulo\/SP, adiante denominada \u201cDTM\u201d. 1.2. Pessoa f\u00edsica que por meio do site da DTM aderiu ao plano de assinatura anual M\u00e9todo DTM de Desenvolvimento de Projeto de Arquitetura no Revit, adiante denominado [&hellip;]","og_url":"https:\/\/dtmstudio.com.br\/termos-de-assinatura-anual-pagamento-mensal\/","og_site_name":"DTM Studio","article_modified_time":"2020-07-09T14:07:57+00:00","twitter_card":"summary_large_image","twitter_misc":{"Tempo estimado de leitura":"4 minutos"},"schema":{"@context":"https:\/\/schema.org","@graph":[{"@type":"WebPage","@id":"https:\/\/dtmstudio.com.br\/termos-de-assinatura-anual-pagamento-mensal\/","url":"https:\/\/dtmstudio.com.br\/termos-de-assinatura-anual-pagamento-mensal\/","name":"Termos de Assinatura Anual - pagamento mensal - DTM Studio","isPartOf":{"@id":"https:\/\/dtmstudio.com.br\/#website"},"datePublished":"2020-07-08T19:56:09+00:00","dateModified":"2020-07-09T14:07:57+00:00","breadcrumb":{"@id":"https:\/\/dtmstudio.com.br\/termos-de-assinatura-anual-pagamento-mensal\/#breadcrumb"},"inLanguage":"pt-PT","potentialAction":[{"@type":"ReadAction","target":["https:\/\/dtmstudio.com.br\/termos-de-assinatura-anual-pagamento-mensal\/"]}]},{"@type":"BreadcrumbList","@id":"https:\/\/dtmstudio.com.br\/termos-de-assinatura-anual-pagamento-mensal\/#breadcrumb","itemListElement":[{"@type":"ListItem","position":1,"name":"Home","item":"https:\/\/dtmstudio.com.br\/DTM\/"},{"@type":"ListItem","position":2,"name":"Termos de Assinatura Anual &#8211; pagamento mensal"}]},{"@type":"WebSite","@id":"https:\/\/dtmstudio.com.br\/#website","url":"https:\/\/dtmstudio.com.br\/","name":"DTM Studio","description":"DTM Studio Arquitetura","potentialAction":[{"@type":"SearchAction","target":{"@type":"EntryPoint","urlTemplate":"https:\/\/dtmstudio.com.br\/?s={search_term_string}"},"query-input":{"@type":"PropertyValueSpecification","valueRequired":true,"valueName":"search_term_string"}}],"inLanguage":"pt-PT"}]}},"_links":{"self":[{"href":"https:\/\/dtmstudio.com.br\/DTM\/wp-json\/wp\/v2\/pages\/7137","targetHints":{"allow":["GET"]}}],"collection":[{"href":"https:\/\/dtmstudio.com.br\/DTM\/wp-json\/wp\/v2\/pages"}],"about":[{"href":"https:\/\/dtmstudio.com.br\/DTM\/wp-json\/wp\/v2\/types\/page"}],"author":[{"embeddable":true,"href":"https:\/\/dtmstudio.com.br\/DTM\/wp-json\/wp\/v2\/users\/1"}],"replies":[{"embeddable":true,"href":"https:\/\/dtmstudio.com.br\/DTM\/wp-json\/wp\/v2\/comments?post=7137"}],"version-history":[{"count":4,"href":"https:\/\/dtmstudio.com.br\/DTM\/wp-json\/wp\/v2\/pages\/7137\/revisions"}],"predecessor-version":[{"id":7148,"href":"https:\/\/dtmstudio.com.br\/DTM\/wp-json\/wp\/v2\/pages\/7137\/revisions\/7148"}],"wp:attachment":[{"href":"https:\/\/dtmstudio.com.br\/DTM\/wp-json\/wp\/v2\/media?parent=7137"}],"curies":[{"name":"wp","href":"https:\/\/api.w.org\/{rel}","templated":true}]}}